{"id":125,"date":"2021-09-02T09:58:38","date_gmt":"2021-09-02T07:58:38","guid":{"rendered":"http:\/\/ipsolutio.be\/?page_id=125"},"modified":"2025-11-18T11:37:32","modified_gmt":"2025-11-18T10:37:32","slug":"contact","status":"publish","type":"page","link":"https:\/\/ipsolutio.be\/index.php\/contact\/","title":{"rendered":"Contact"},"content":{"rendered":"\n<p>Les informations pr\u00e9sentes sur ce site ne remplacent pas <strong>un premier contact t\u00e9l\u00e9phonique souvent tr\u00e8s utile pour comprendre vos besoins<\/strong> afin d&rsquo;\u00e9valuer si l&rsquo;accompagnement que je propose peut vous aider. Dans le cas contraire, je ne manquerai pas de vous orienter vers un de mes coll\u00e8gues.<\/p>\n\n\n\n<p>Par t\u00e9l\u00e9phone : <strong>0471\/54.69.32<\/strong><\/p>\n\n\n\n<p>Par mail : <strong>wendy.burie@ipsolutio.be<\/strong><\/p>\n\n\n\n<p>Adresse de consultations :<\/p>\n\n\n\n<p><strong>Cabinet priv\u00e9<\/strong> : Rue du Bosquet, 26 &#8211; 4317 Faimes<\/p>\n","protected":false},"excerpt":{"rendered":"<p>Les informations pr\u00e9sentes sur ce site ne remplacent pas un premier contact t\u00e9l\u00e9phonique souvent tr\u00e8s utile pour comprendre vos besoins afin d&rsquo;\u00e9valuer si l&rsquo;accompagnement que je propose peut vous aider. Dans le cas contraire, je ne manquerai pas de vous orienter vers un de mes coll\u00e8gues. Par t\u00e9l\u00e9phone : 0471\/54.69.32 Par mail : wendy.burie@ipsolutio.be Adresse &hellip; <a href=\"https:\/\/ipsolutio.be\/index.php\/contact\/\" class=\"more-link\">Continuer la lecture<span class=\"screen-reader-text\"> de &laquo;&nbsp;Contact&nbsp;&raquo;<\/span><\/a><\/p>\n","protected":false},"author":1,"featured_media":0,"parent":0,"menu_order":0,"comment_status":"closed","ping_status":"closed","template":"","meta":{"footnotes":""},"class_list":["post-125","page","type-page","status-publish","hentry"],"_links":{"self":[{"href":"https:\/\/ipsolutio.be\/index.php\/wp-json\/wp\/v2\/pages\/125","targetHints":{"allow":["GET"]}}],"collection":[{"href":"https:\/\/ipsolutio.be\/index.php\/wp-json\/wp\/v2\/pages"}],"about":[{"href":"https:\/\/ipsolutio.be\/index.php\/wp-json\/wp\/v2\/types\/page"}],"author":[{"embeddable":true,"href":"https:\/\/ipsolutio.be\/index.php\/wp-json\/wp\/v2\/users\/1"}],"replies":[{"embeddable":true,"href":"https:\/\/ipsolutio.be\/index.php\/wp-json\/wp\/v2\/comments?post=125"}],"version-history":[{"count":14,"href":"https:\/\/ipsolutio.be\/index.php\/wp-json\/wp\/v2\/pages\/125\/revisions"}],"predecessor-version":[{"id":259,"href":"https:\/\/ipsolutio.be\/index.php\/wp-json\/wp\/v2\/pages\/125\/revisions\/259"}],"wp:attachment":[{"href":"https:\/\/ipsolutio.be\/index.php\/wp-json\/wp\/v2\/media?parent=125"}],"curies":[{"name":"wp","href":"https:\/\/api.w.org\/{rel}","templated":true}]}}