{"id":137,"date":"2021-09-02T10:29:23","date_gmt":"2021-09-02T08:29:23","guid":{"rendered":"http:\/\/ipsolutio.be\/?page_id=137"},"modified":"2022-01-23T21:57:35","modified_gmt":"2022-01-23T20:57:35","slug":"burnout","status":"publish","type":"page","link":"https:\/\/ipsolutio.be\/index.php\/burnout\/","title":{"rendered":"Burnout"},"content":{"rendered":"\n<p><strong>Burnout parental<\/strong><\/p>\n\n\n\n<p>Vous vous sentez \u00e9puis\u00e9 en tant que parent ? Vous ne savez plus comment g\u00e9rer vos enfants ? Vous \u00eates \u00e0 bout ?<\/p>\n\n\n\n<p>Form\u00e9e et certifi\u00e9e par le Training Institute for Parental Burnout, je vous accompagne afin de <strong>faire le point<\/strong>&nbsp;sur vos difficult\u00e9s et tenter de mieux&nbsp;<strong>comprendre<\/strong>&nbsp;les processus impliqu\u00e9s dans le d\u00e9veloppement et le maintien de celles-ci.<\/p>\n\n\n\n<p>Le suivi permet&nbsp;<strong>d\u2019apprendre \u00e0 r\u00e9agir<\/strong>&nbsp;de mani\u00e8re innovante et plus efficace afin de vous sentir apais\u00e9 dans votre r\u00f4le parental. L&rsquo;objectif de l&rsquo;accompagnement est de retrouver un <strong>\u00e9quilibre&nbsp;personnel et familial.<\/strong><\/p>\n\n\n\n<p><strong>Burnout professionnel<\/strong><\/p>\n\n\n\n<p>Je vous aide \u00e0 <strong>faire le point<\/strong> par rapport \u00e0 votre travail, votre environnement professionnel et votre carri\u00e8re.<\/p>\n\n\n\n<p>Je vous accompagne pour <strong>comprendre<\/strong> ce qui vous arrive et <strong>prendre du recul<\/strong> par rapport \u00e0 votre situation et aux m\u00e9canismes qui vous ont men\u00e9 \u00e0 l\u2019\u00e9puisement.<br><br>Je vous accompagne et vous guide dans votre <strong>r\u00e9flexion<\/strong> et dans l\u2019<strong>\u00e9laboration de votre futur projet professionnel<\/strong>, qu\u2019il s\u2019agisse de r\u00e9int\u00e9grer votre poste ou de prendre une nouvelle direction, en vous aidant \u00e0 trouver un <strong>\u00e9quilibre entre vie priv\u00e9e et vie professionnelle<\/strong>.<\/p>\n\n\n\n<p>La dur\u00e9e de l&rsquo;accompagnement varie en fonction de vos besoins. Nous d\u00e9terminerons ensemble la fr\u00e9quence des rencontres.<\/p>\n","protected":false},"excerpt":{"rendered":"<p>Burnout parental Vous vous sentez \u00e9puis\u00e9 en tant que parent ? Vous ne savez plus comment g\u00e9rer vos enfants ? Vous \u00eates \u00e0 bout ? Form\u00e9e et certifi\u00e9e par le Training Institute for Parental Burnout, je vous accompagne afin de faire le point&nbsp;sur vos difficult\u00e9s et tenter de mieux&nbsp;comprendre&nbsp;les processus impliqu\u00e9s dans le d\u00e9veloppement et &hellip; <a href=\"https:\/\/ipsolutio.be\/index.php\/burnout\/\" class=\"more-link\">Continuer la lecture<span class=\"screen-reader-text\"> de &laquo;&nbsp;Burnout&nbsp;&raquo;<\/span><\/a><\/p>\n","protected":false},"author":1,"featured_media":0,"parent":0,"menu_order":0,"comment_status":"closed","ping_status":"closed","template":"","meta":{"footnotes":""},"class_list":["post-137","page","type-page","status-publish","hentry"],"_links":{"self":[{"href":"https:\/\/ipsolutio.be\/index.php\/wp-json\/wp\/v2\/pages\/137","targetHints":{"allow":["GET"]}}],"collection":[{"href":"https:\/\/ipsolutio.be\/index.php\/wp-json\/wp\/v2\/pages"}],"about":[{"href":"https:\/\/ipsolutio.be\/index.php\/wp-json\/wp\/v2\/types\/page"}],"author":[{"embeddable":true,"href":"https:\/\/ipsolutio.be\/index.php\/wp-json\/wp\/v2\/users\/1"}],"replies":[{"embeddable":true,"href":"https:\/\/ipsolutio.be\/index.php\/wp-json\/wp\/v2\/comments?post=137"}],"version-history":[{"count":13,"href":"https:\/\/ipsolutio.be\/index.php\/wp-json\/wp\/v2\/pages\/137\/revisions"}],"predecessor-version":[{"id":229,"href":"https:\/\/ipsolutio.be\/index.php\/wp-json\/wp\/v2\/pages\/137\/revisions\/229"}],"wp:attachment":[{"href":"https:\/\/ipsolutio.be\/index.php\/wp-json\/wp\/v2\/media?parent=137"}],"curies":[{"name":"wp","href":"https:\/\/api.w.org\/{rel}","templated":true}]}}